{"id":1719,"date":"2020-03-31T14:52:54","date_gmt":"2020-03-31T12:52:54","guid":{"rendered":"https:\/\/signal.eu.org\/blog\/?page_id=1719"},"modified":"2021-01-28T19:38:05","modified_gmt":"2021-01-28T17:38:05","slug":"statistiques-covid-19-par-region-francaise","status":"publish","type":"page","link":"https:\/\/signal.eu.org\/blog\/statistiques-covid-19-par-region-francaise\/","title":{"rendered":"Statistiques covid-19 par r\u00e9gion fran\u00e7aise"},"content":{"rendered":"\n<div class=\"twitter-share\"><a href=\"https:\/\/twitter.com\/intent\/tweet?via=pbeyssac\" class=\"twitter-share-button\">Tweet<\/a><\/div>\n\n<p>Abr\u00e9viations des r\u00e9gions<\/p>\n\n\n\n<ul><li>ARA Auvergne-Rh\u00f4ne-Alpes<\/li><li>BFC Bourgogne Franche Comt\u00e9<\/li><li>BRE Bretagne<\/li><li>COR Corse<\/li><li>CVL Centre &#8211; Val de Loire<\/li><li>DOM D\u00e9partements et territoires d&#8217;outre-mer<\/li><li>GE Grand Est<\/li><li>HF Hauts de France<\/li><li>IDF \u00cele de France<\/li><li>NA Nouvelle Aquitaine<\/li><li>NOR Normandie<\/li><li>OCC Occitanie<\/li><li>PACA Provence-Alpes-C\u00f4te d&#8217;Azur<\/li><li>PDL Pays de la Loire<\/li><\/ul>\n\n\n\n<p>Statistiques par d\u00e9partement group\u00e9s par r\u00e9gion <a href=\"https:\/\/signal.eu.org\/blog\/statistiques-covid19-par-departement\/\">ici<\/a><\/p>\n\n\n\n<p>Mises \u00e0 jour publi\u00e9es chaque jour vers 19h (suivant publication des donn\u00e9es) sur mon compte <a href=\"https:\/\/twitter.com\/pbeyssac\">twitter @pbeyssac<\/a>.<\/p>\n\n\n\n<hr class=\"wp-block-separator\"\/>\n\n\n\n<figure class=\"wp-block-image\"><img decoding=\"async\" src=\"https:\/\/signal.eu.org\/covid19\/hosp-BLOG1-log-0.png\" alt=\"\"\/><\/figure>\n\n\n\n<figure class=\"wp-block-image\"><img decoding=\"async\" src=\"https:\/\/signal.eu.org\/covid19\/hosp-BLOG1-log-zoom-0.png\" alt=\"\"\/><\/figure>\n\n\n\n<figure class=\"wp-block-image\"><img decoding=\"async\" src=\"https:\/\/signal.eu.org\/covid19\/hosp-BLOG2-TW-delta-0.png\" alt=\"\"\/><\/figure>\n\n\n\n<figure class=\"wp-block-image\"><img decoding=\"async\" src=\"https:\/\/signal.eu.org\/covid19\/hosp-BLOG2-TW-delta-zoom-0.png\" alt=\"\"\/><\/figure>\n\n\n\n<figure class=\"wp-block-image\"><img decoding=\"async\" src=\"https:\/\/signal.eu.org\/covid19\/hosp-incid-4.png\" alt=\"\"\/><\/figure>\n\n\n\n<figure class=\"wp-block-image\"><img decoding=\"async\" src=\"https:\/\/signal.eu.org\/covid19\/hosp-incid-zoom-4.png\" alt=\"\"\/><\/figure>\n\n\n\n<figure class=\"wp-block-image\"><img decoding=\"async\" src=\"https:\/\/signal.eu.org\/covid19\/hosp-BLOG3-log-1.png\" alt=\"\"\/><\/figure>\n\n\n\n<figure class=\"wp-block-image\"><img decoding=\"async\" src=\"https:\/\/signal.eu.org\/covid19\/hosp-BLOG3-log-zoom-1.png\" alt=\"\"\/><\/figure>\n\n\n\n<figure class=\"wp-block-image\"><img decoding=\"async\" src=\"https:\/\/signal.eu.org\/covid19\/hosp-BLOG4-TW-delta-1.png\" alt=\"\"\/><\/figure>\n\n\n\n<figure class=\"wp-block-image\"><img decoding=\"async\" src=\"https:\/\/signal.eu.org\/covid19\/hosp-BLOG4-TW-delta-zoom-1.png\" alt=\"\"\/><\/figure>\n\n\n\n<figure class=\"wp-block-image is-resized\"><img decoding=\"async\" loading=\"lazy\" src=\"https:\/\/signal.eu.org\/covid19\/hosp-incid-5.png\" alt=\"\" width=\"580\" height=\"348\"\/><\/figure>\n\n\n\n<figure class=\"wp-block-image\"><img decoding=\"async\" src=\"https:\/\/signal.eu.org\/covid19\/hosp-incid-zoom-5.png\" alt=\"\"\/><\/figure>\n\n\n\n<figure class=\"wp-block-image\"><img decoding=\"async\" src=\"https:\/\/signal.eu.org\/covid19\/hosp-BLOG5-percent-1.png\" alt=\"\"\/><\/figure>\n\n\n\n<figure class=\"wp-block-image\"><img decoding=\"async\" src=\"https:\/\/signal.eu.org\/covid19\/hosp-BLOG5-percent-zoom-1.png\" alt=\"\"\/><\/figure>\n\n\n\n<figure class=\"wp-block-image\"><img decoding=\"async\" src=\"https:\/\/signal.eu.org\/covid19\/hosp-BLOG6-100k-1.png\" alt=\"\"\/><\/figure>\n\n\n\n<figure class=\"wp-block-image\"><img decoding=\"async\" src=\"https:\/\/signal.eu.org\/covid19\/hosp-BLOG6-100k-zoom-1.png\" alt=\"\"\/><\/figure>\n\n\n\n<figure class=\"wp-block-image\"><img decoding=\"async\" src=\"https:\/\/signal.eu.org\/covid19\/hosp-BLOG7-delta-2.png\" alt=\"\"\/><\/figure>\n\n\n\n<figure class=\"wp-block-image\"><img decoding=\"async\" src=\"https:\/\/signal.eu.org\/covid19\/hosp-BLOG7-delta-zoom-2.png\" alt=\"\"\/><\/figure>\n\n\n\n<figure class=\"wp-block-image\"><img decoding=\"async\" src=\"https:\/\/signal.eu.org\/covid19\/hosp-BLOG8-log-3.png\" alt=\"\"\/><\/figure>\n\n\n\n<figure class=\"wp-block-image\"><img decoding=\"async\" src=\"https:\/\/signal.eu.org\/covid19\/hosp-BLOG8-log-zoom-3.png\" alt=\"\"\/><\/figure>\n\n\n\n<figure class=\"wp-block-image\"><img decoding=\"async\" src=\"https:\/\/signal.eu.org\/covid19\/hosp-BLOG10-TW-bars-3.png\" alt=\"\"\/><\/figure>\n\n\n\n<figure class=\"wp-block-image\"><img decoding=\"async\" src=\"https:\/\/signal.eu.org\/covid19\/hosp-BLOG10-TW-bars-zoom-3.png\" alt=\"\"\/><\/figure>\n\n\n\n<figure class=\"wp-block-image\"><img decoding=\"async\" src=\"https:\/\/signal.eu.org\/covid19\/hosp-BLOG9-delta-3.png\" alt=\"\"\/><\/figure>\n\n\n\n<figure class=\"wp-block-image\"><img decoding=\"async\" src=\"https:\/\/signal.eu.org\/covid19\/hosp-BLOG9-delta-zoom-3.png\" alt=\"\"\/><\/figure>\n\n\n\n<figure class=\"wp-block-image\"><img decoding=\"async\" src=\"https:\/\/signal.eu.org\/covid19\/hosp-BLOG11-100k-3.png\" alt=\"\"\/><\/figure>\n\n\n\n<figure class=\"wp-block-image\"><img decoding=\"async\" src=\"https:\/\/signal.eu.org\/covid19\/hosp-BLOG11-100k-zoom-3.png\" alt=\"\"\/><\/figure>\n\n\n\n<figure class=\"wp-block-image\"><img decoding=\"async\" src=\"https:\/\/signal.eu.org\/covid19\/hosp-BLOG12-TW-top15-3.png\" alt=\"\"\/><\/figure>\n\n\n\n<figure class=\"wp-block-image\"><img decoding=\"async\" src=\"https:\/\/signal.eu.org\/covid19\/hosp-BLOG12-TW-top15-zoom-3.png\" alt=\"\"\/><\/figure>\n\n\n\n<figure class=\"wp-block-image\"><img decoding=\"async\" src=\"https:\/\/signal.eu.org\/covid19\/hosp-tableau-dep.png\" alt=\"\"\/><figcaption>D\u00e9c\u00e8s pour 100 000 habitants, par d\u00e9partement<\/figcaption><\/figure>\n\n\n\n<p class=\"has-text-align-center\"><\/p>\n\n\n\n<figure class=\"wp-block-image size-large\"><img decoding=\"async\" src=\"https:\/\/signal.eu.org\/covid19\/vaccinsreg.png\" alt=\"\"\/><\/figure>\n\n\n\n<p class=\"has-text-align-center\">Source : <a href=\"https:\/\/www.data.gouv.fr\/fr\/datasets\/donnees-hospitalieres-relatives-a-lepidemie-de-covid-19\/\">Donn\u00e9es hospitali\u00e8res relatives \u00e0 l&#8217;\u00e9pid\u00e9mie de COVID-19<\/a><\/p>\n","protected":false},"excerpt":{"rendered":"<p>Abr\u00e9viations des r\u00e9gions ARA Auvergne-Rh\u00f4ne-Alpes BFC Bourgogne Franche Comt\u00e9 BRE Bretagne COR Corse CVL Centre &#8211; Val de Loire DOM D\u00e9partements et territoires d&#8217;outre-mer GE Grand Est HF Hauts de France IDF \u00cele de France NA Nouvelle Aquitaine NOR Normandie OCC Occitanie PACA Provence-Alpes-C\u00f4te d&#8217;Azur PDL Pays de la Loire Statistiques par d\u00e9partement group\u00e9s par &hellip; <a href=\"https:\/\/signal.eu.org\/blog\/statistiques-covid-19-par-region-francaise\/\" class=\"more-link\">Continue reading <span class=\"screen-reader-text\">Statistiques covid-19 par r\u00e9gion fran\u00e7aise<\/span> <span class=\"meta-nav\">&rarr;<\/span><\/a><\/p>\n","protected":false},"author":1,"featured_media":0,"parent":0,"menu_order":0,"comment_status":"closed","ping_status":"closed","template":"","meta":[],"_links":{"self":[{"href":"https:\/\/signal.eu.org\/blog\/wp-json\/wp\/v2\/pages\/1719"}],"collection":[{"href":"https:\/\/signal.eu.org\/blog\/wp-json\/wp\/v2\/pages"}],"about":[{"href":"https:\/\/signal.eu.org\/blog\/wp-json\/wp\/v2\/types\/page"}],"author":[{"embeddable":true,"href":"https:\/\/signal.eu.org\/blog\/wp-json\/wp\/v2\/users\/1"}],"replies":[{"embeddable":true,"href":"https:\/\/signal.eu.org\/blog\/wp-json\/wp\/v2\/comments?post=1719"}],"version-history":[{"count":40,"href":"https:\/\/signal.eu.org\/blog\/wp-json\/wp\/v2\/pages\/1719\/revisions"}],"predecessor-version":[{"id":2285,"href":"https:\/\/signal.eu.org\/blog\/wp-json\/wp\/v2\/pages\/1719\/revisions\/2285"}],"wp:attachment":[{"href":"https:\/\/signal.eu.org\/blog\/wp-json\/wp\/v2\/media?parent=1719"}],"curies":[{"name":"wp","href":"https:\/\/api.w.org\/{rel}","templated":true}]}}