{"id":1754,"date":"2020-04-14T19:29:44","date_gmt":"2020-04-14T17:29:44","guid":{"rendered":"https:\/\/signal.eu.org\/blog\/?page_id=1754"},"modified":"2020-08-28T10:43:08","modified_gmt":"2020-08-28T08:43:08","slug":"statistiques-covid19-par-departement","status":"publish","type":"page","link":"https:\/\/signal.eu.org\/blog\/statistiques-covid19-par-departement\/","title":{"rendered":"Statistiques covid19 par d\u00e9partement"},"content":{"rendered":"\n<div class=\"twitter-share\"><a href=\"https:\/\/twitter.com\/intent\/tweet?via=pbeyssac\" class=\"twitter-share-button\">Tweet<\/a><\/div>\n\n<p><strong>Statistiques nationales sur la <\/strong><a href=\"https:\/\/signal.eu.org\/blog\/statistiques-covid-19-par-region-francaise\/\"><strong>page principale ici<\/strong><\/a><strong>.<\/strong><\/p>\n\n\n\n<p>Mises \u00e0 jour publi\u00e9es chaque jour vers 19h (suivant publication des donn\u00e9es) sur mon compte <a href=\"https:\/\/twitter.com\/pbeyssac\">twitter @pbeyssac<\/a>.<\/p>\n\n\n\n<p>ARA Auvergne-Rh\u00f4ne-Alpes <a href=\"\/covid19\/hosp-reg-ara-0.png\">solde hospitalisations<\/a> <a href=\"\/covid19\/hosp-reg-ara-4.png\">nouvelles hospitalisations<\/a> <a href=\"\/covid19\/hosp-reg-ara-1.png\">solde r\u00e9animations<\/a> <a href=\"\/covid19\/hosp-reg-ara-5.png\">nouvelles r\u00e9animations<\/a> <a href=\"\/covid19\/hosp-reg-ara-2.png\">retours domicile<\/a> <a href=\"\/covid19\/hosp-reg-ara-3.png\">d\u00e9c\u00e8s<\/a> Sur 30 jours&nbsp;: <a href=\"\/covid19\/hosp-reg-ara-zoom-0.png\">solde hospitalisations<\/a> <a href=\"\/covid19\/hosp-reg-ara-zoom-4.png\">nouvelles hospitalisations<\/a> <a href=\"\/covid19\/hosp-reg-ara-zoom-1.png\">solde r\u00e9animations<\/a> <a href=\"\/covid19\/hosp-reg-ara-zoom-5.png\">nouvelles r\u00e9animations<\/a> <a href=\"\/covid19\/hosp-reg-ara-zoom-2.png\">retours domicile<\/a> <a href=\"\/covid19\/hosp-reg-ara-zoom-3.png\">d\u00e9c\u00e8s<\/a><\/p>\n\n\n\n<p>BFC Bourgogne Franche Comt\u00e9 <a href=\"\/covid19\/hosp-reg-bfc-0.png\">solde hospitalisations<\/a> <a href=\"\/covid19\/hosp-reg-bfc-4.png\">nouvelles hospitalisations<\/a> <a href=\"\/covid19\/hosp-reg-bfc-1.png\">solde r\u00e9animations<\/a> <a href=\"\/covid19\/hosp-reg-bfc-5.png\">nouvelles r\u00e9animations<\/a> <a href=\"\/covid19\/hosp-reg-bfc-2.png\">retours domicile<\/a> <a href=\"\/covid19\/hosp-reg-bfc-3.png\">d\u00e9c\u00e8s<\/a> Sur 30 jours&nbsp;: <a href=\"\/covid19\/hosp-reg-bfc-zoom-0.png\">solde hospitalisations<\/a> <a href=\"\/covid19\/hosp-reg-bfc-zoom-4.png\">nouvelles hospitalisations<\/a> <a href=\"\/covid19\/hosp-reg-bfc-zoom-1.png\">solde r\u00e9animations<\/a> <a href=\"\/covid19\/hosp-reg-bfc-zoom-5.png\">nouvelles r\u00e9animations<\/a> <a href=\"\/covid19\/hosp-reg-bfc-zoom-2.png\">retours domicile<\/a> <a href=\"\/covid19\/hosp-reg-bfc-zoom-3.png\">d\u00e9c\u00e8s<\/a><\/p>\n\n\n\n<p>BRE Bretagne <a href=\"\/covid19\/hosp-reg-bre-0.png\">solde hospitalisations<\/a> <a href=\"\/covid19\/hosp-reg-bre-4.png\">nouvelles hospitalisations<\/a> <a href=\"\/covid19\/hosp-reg-bre-1.png\">solde r\u00e9animations<\/a> <a href=\"\/covid19\/hosp-reg-bre-5.png\">nouvelles r\u00e9animations<\/a> <a href=\"\/covid19\/hosp-reg-bre-2.png\">retours domicile<\/a> <a href=\"\/covid19\/hosp-reg-bre-3.png\">d\u00e9c\u00e8s<\/a> Sur 30 jours&nbsp;: <a href=\"\/covid19\/hosp-reg-bre-zoom-0.png\">solde hospitalisations<\/a> <a href=\"\/covid19\/hosp-reg-bre-zoom-4.png\">nouvelles hospitalisations<\/a> <a href=\"\/covid19\/hosp-reg-bre-zoom-1.png\">solde r\u00e9animations<\/a> <a href=\"\/covid19\/hosp-reg-bre-zoom-5.png\">nouvelles r\u00e9animations<\/a> <a href=\"\/covid19\/hosp-reg-bre-zoom-2.png\">retours domicile<\/a> <a href=\"\/covid19\/hosp-reg-bre-zoom-3.png\">d\u00e9c\u00e8s<\/a><\/p>\n\n\n\n<p>COR Corse <a href=\"\/covid19\/hosp-reg-cor-0.png\">solde hospitalisations<\/a> <a href=\"\/covid19\/hosp-reg-cor-4.png\">nouvelles hospitalisations<\/a> <a href=\"\/covid19\/hosp-reg-cor-1.png\">solde r\u00e9animations<\/a> <a href=\"\/covid19\/hosp-reg-cor-5.png\">nouvelles r\u00e9animations<\/a> <a href=\"\/covid19\/hosp-reg-cor-2.png\">retours domicile<\/a> <a href=\"\/covid19\/hosp-reg-cor-3.png\">d\u00e9c\u00e8s<\/a> Sur 30 jours&nbsp;: <a href=\"\/covid19\/hosp-reg-cor-zoom-0.png\">solde hospitalisations<\/a> <a href=\"\/covid19\/hosp-reg-cor-zoom-4.png\">nouvelles hospitalisations<\/a> <a href=\"\/covid19\/hosp-reg-cor-zoom-1.png\">solde r\u00e9animations<\/a> <a href=\"\/covid19\/hosp-reg-cor-zoom-5.png\">nouvelles r\u00e9animations<\/a> <a href=\"\/covid19\/hosp-reg-cor-zoom-2.png\">retours domicile<\/a> <a href=\"\/covid19\/hosp-reg-cor-zoom-3.png\">d\u00e9c\u00e8s<\/a><\/p>\n\n\n\n<p>CVL Centre \u2013 Val de Loire <a href=\"\/covid19\/hosp-reg-cvl-0.png\">solde hospitalisations<\/a> <a href=\"\/covid19\/hosp-reg-cvl-4.png\">nouvelles hospitalisations<\/a> <a href=\"\/covid19\/hosp-reg-cvl-1.png\">solde r\u00e9animations<\/a> <a href=\"\/covid19\/hosp-reg-cvl-5.png\">nouvelles r\u00e9animations<\/a> <a href=\"\/covid19\/hosp-reg-cvl-2.png\">retours domicile<\/a> <a href=\"\/covid19\/hosp-reg-cvl-3.png\">d\u00e9c\u00e8s<\/a> Sur 30 jours&nbsp;: <a href=\"\/covid19\/hosp-reg-cvl-zoom-0.png\">solde hospitalisations<\/a> <a href=\"\/covid19\/hosp-reg-cvl-zoom-4.png\">nouvelles hospitalisations<\/a> <a href=\"\/covid19\/hosp-reg-cvl-zoom-1.png\">solde r\u00e9animations<\/a> <a href=\"\/covid19\/hosp-reg-cvl-zoom-5.png\">nouvelles r\u00e9animations<\/a> <a href=\"\/covid19\/hosp-reg-cvl-zoom-2.png\">retours domicile<\/a> <a href=\"\/covid19\/hosp-reg-cvl-zoom-3.png\">d\u00e9c\u00e8s<\/a><\/p>\n\n\n\n<p>DOM D\u00e9partements et territoires d\u2019outre-mer <a href=\"\/covid19\/hosp-reg-dom-0.png\">solde hospitalisations<\/a> <a href=\"\/covid19\/hosp-reg-dom-4.png\">nouvelles hospitalisations<\/a> <a href=\"\/covid19\/hosp-reg-dom-1.png\">solde r\u00e9animations<\/a> <a href=\"\/covid19\/hosp-reg-dom-5.png\">nouvelles r\u00e9animations<\/a> <a href=\"\/covid19\/hosp-reg-dom-2.png\">retours domicile<\/a> <a href=\"\/covid19\/hosp-reg-dom-3.png\">d\u00e9c\u00e8s<\/a> Sur 30 jours&nbsp;: <a href=\"\/covid19\/hosp-reg-dom-zoom-0.png\">solde hospitalisations<\/a> <a href=\"\/covid19\/hosp-reg-dom-zoom-4.png\">nouvelles hospitalisations<\/a> <a href=\"\/covid19\/hosp-reg-dom-zoom-1.png\">solde r\u00e9animations<\/a> <a href=\"\/covid19\/hosp-reg-dom-zoom-5.png\">nouvelles r\u00e9animations<\/a> <a href=\"\/covid19\/hosp-reg-dom-zoom-2.png\">retours domicile<\/a> <a href=\"\/covid19\/hosp-reg-dom-zoom-3.png\">d\u00e9c\u00e8s<\/a><\/p>\n\n\n\n<p>GE Grand Est <a href=\"\/covid19\/hosp-reg-ge-0.png\">solde hospitalisations<\/a> <a href=\"\/covid19\/hosp-reg-ge-4.png\">nouvelles hospitalisations<\/a> <a href=\"\/covid19\/hosp-reg-ge-1.png\">solde r\u00e9animations<\/a> <a href=\"\/covid19\/hosp-reg-ge-5.png\">nouvelles r\u00e9animations<\/a> <a href=\"\/covid19\/hosp-reg-ge-2.png\">retours domicile<\/a> <a href=\"\/covid19\/hosp-reg-ge-3.png\">d\u00e9c\u00e8s<\/a> Sur 30 jours&nbsp;: <a href=\"\/covid19\/hosp-reg-ge-zoom-0.png\">solde hospitalisations<\/a> <a href=\"\/covid19\/hosp-reg-ge-zoom-4.png\">nouvelles hospitalisations<\/a> <a href=\"\/covid19\/hosp-reg-ge-zoom-1.png\">solde r\u00e9animations<\/a> <a href=\"\/covid19\/hosp-reg-ge-zoom-5.png\">nouvelles r\u00e9animations<\/a> <a href=\"\/covid19\/hosp-reg-ge-zoom-2.png\">retours domicile<\/a> <a href=\"\/covid19\/hosp-reg-ge-zoom-3.png\">d\u00e9c\u00e8s<\/a><\/p>\n\n\n\n<p>HF Hauts de France <a href=\"\/covid19\/hosp-reg-hf-0.png\">solde hospitalisations<\/a> <a href=\"\/covid19\/hosp-reg-hf-4.png\">nouvelles hospitalisations<\/a> <a href=\"\/covid19\/hosp-reg-hf-1.png\">solde r\u00e9animations<\/a> <a href=\"\/covid19\/hosp-reg-hf-5.png\">nouvelles r\u00e9animations<\/a> <a href=\"\/covid19\/hosp-reg-hf-2.png\">retours domicile<\/a> <a href=\"\/covid19\/hosp-reg-hf-3.png\">d\u00e9c\u00e8s<\/a> Sur 30 jours&nbsp;: <a href=\"\/covid19\/hosp-reg-hf-zoom-0.png\">solde hospitalisations<\/a> <a href=\"\/covid19\/hosp-reg-hf-zoom-4.png\">nouvelles hospitalisations<\/a> <a href=\"\/covid19\/hosp-reg-hf-zoom-1.png\">solde r\u00e9animations<\/a> <a href=\"\/covid19\/hosp-reg-hf-zoom-5.png\">nouvelles r\u00e9animations<\/a> <a href=\"\/covid19\/hosp-reg-hf-zoom-2.png\">retours domicile<\/a> <a href=\"\/covid19\/hosp-reg-hf-zoom-3.png\">d\u00e9c\u00e8s<\/a><\/p>\n\n\n\n<p>IDF \u00cele de France <a href=\"\/covid19\/hosp-reg-idf-0.png\">solde hospitalisations<\/a> <a href=\"\/covid19\/hosp-reg-idf-4.png\">nouvelles hospitalisations<\/a> <a href=\"\/covid19\/hosp-reg-idf-1.png\">solde r\u00e9animations<\/a> <a href=\"\/covid19\/hosp-reg-idf-5.png\">nouvelles r\u00e9animations<\/a> <a href=\"\/covid19\/hosp-reg-idf-2.png\">retours domicile<\/a> <a href=\"\/covid19\/hosp-reg-idf-3.png\">d\u00e9c\u00e8s<\/a> Sur 30 jours&nbsp;: <a href=\"\/covid19\/hosp-reg-idf-zoom-0.png\">solde hospitalisations<\/a> <a href=\"\/covid19\/hosp-reg-idf-zoom-4.png\">nouvelles hospitalisations<\/a> <a href=\"\/covid19\/hosp-reg-idf-zoom-1.png\">solde r\u00e9animations<\/a> <a href=\"\/covid19\/hosp-reg-idf-zoom-5.png\">nouvelles r\u00e9animations<\/a> <a href=\"\/covid19\/hosp-reg-idf-zoom-2.png\">retours domicile<\/a> <a href=\"\/covid19\/hosp-reg-idf-zoom-3.png\">d\u00e9c\u00e8s<\/a><\/p>\n\n\n\n<p>NA Nouvelle Aquitaine <a href=\"\/covid19\/hosp-reg-na-0.png\">solde hospitalisations<\/a> <a href=\"\/covid19\/hosp-reg-na-4.png\">nouvelles hospitalisations<\/a> <a href=\"\/covid19\/hosp-reg-na-1.png\">solde r\u00e9animations<\/a> <a href=\"\/covid19\/hosp-reg-na-5.png\">nouvelles r\u00e9animations<\/a> <a href=\"\/covid19\/hosp-reg-na-2.png\">retours domicile<\/a> <a href=\"\/covid19\/hosp-reg-na-3.png\">d\u00e9c\u00e8s<\/a> Sur 30 jours&nbsp;: <a href=\"\/covid19\/hosp-reg-na-zoom-0.png\">solde hospitalisations<\/a> <a href=\"\/covid19\/hosp-reg-na-zoom-4.png\">nouvelles hospitalisations<\/a> <a href=\"\/covid19\/hosp-reg-na-zoom-1.png\">solde r\u00e9animations<\/a> <a href=\"\/covid19\/hosp-reg-na-zoom-5.png\">nouvelles r\u00e9animations<\/a> <a href=\"\/covid19\/hosp-reg-na-zoom-2.png\">retours domicile<\/a> <a href=\"\/covid19\/hosp-reg-na-zoom-3.png\">d\u00e9c\u00e8s<\/a><\/p>\n\n\n\n<p>NOR Normandie <a href=\"\/covid19\/hosp-reg-nor-0.png\">solde hospitalisations<\/a> <a href=\"\/covid19\/hosp-reg-nor-4.png\">nouvelles hospitalisations<\/a> <a href=\"\/covid19\/hosp-reg-nor-1.png\">solde r\u00e9animations<\/a> <a href=\"\/covid19\/hosp-reg-nor-5.png\">nouvelles r\u00e9animations<\/a> <a href=\"\/covid19\/hosp-reg-nor-2.png\">retours domicile<\/a> <a href=\"\/covid19\/hosp-reg-nor-3.png\">d\u00e9c\u00e8s<\/a> Sur 30 jours&nbsp;: <a href=\"\/covid19\/hosp-reg-nor-zoom-0.png\">solde hospitalisations<\/a> <a href=\"\/covid19\/hosp-reg-nor-zoom-4.png\">nouvelles hospitalisations<\/a> <a href=\"\/covid19\/hosp-reg-nor-zoom-1.png\">solde r\u00e9animations<\/a> <a href=\"\/covid19\/hosp-reg-nor-zoom-5.png\">nouvelles r\u00e9animations<\/a> <a href=\"\/covid19\/hosp-reg-nor-zoom-2.png\">retours domicile<\/a> <a href=\"\/covid19\/hosp-reg-nor-zoom-3.png\">d\u00e9c\u00e8s<\/a><\/p>\n\n\n\n<p>OCC Occitanie <a href=\"\/covid19\/hosp-reg-occ-0.png\">solde hospitalisations<\/a> <a href=\"\/covid19\/hosp-reg-occ-4.png\">nouvelles hospitalisations<\/a> <a href=\"\/covid19\/hosp-reg-occ-1.png\">solde r\u00e9animations<\/a> <a href=\"\/covid19\/hosp-reg-occ-5.png\">nouvelles r\u00e9animations<\/a> <a href=\"\/covid19\/hosp-reg-occ-2.png\">retours domicile<\/a> <a href=\"\/covid19\/hosp-reg-occ-3.png\">d\u00e9c\u00e8s<\/a> Sur 30 jours&nbsp;: <a href=\"\/covid19\/hosp-reg-occ-zoom-0.png\">solde hospitalisations<\/a> <a href=\"\/covid19\/hosp-reg-occ-zoom-4.png\">nouvelles hospitalisations<\/a> <a href=\"\/covid19\/hosp-reg-occ-zoom-1.png\">solde r\u00e9animations<\/a> <a href=\"\/covid19\/hosp-reg-occ-zoom-5.png\">nouvelles r\u00e9animations<\/a> <a href=\"\/covid19\/hosp-reg-occ-zoom-2.png\">retours domicile<\/a> <a href=\"\/covid19\/hosp-reg-occ-zoom-3.png\">d\u00e9c\u00e8s<\/a><\/p>\n\n\n\n<p>PACA Provence-Alpes-C\u00f4te d\u2019Azur <a href=\"\/covid19\/hosp-reg-paca-0.png\">solde hospitalisations<\/a> <a href=\"\/covid19\/hosp-reg-paca-4.png\">nouvelles hospitalisations<\/a> <a href=\"\/covid19\/hosp-reg-paca-1.png\">solde r\u00e9animations<\/a> <a href=\"\/covid19\/hosp-reg-paca-5.png\">nouvelles r\u00e9animations<\/a> <a href=\"\/covid19\/hosp-reg-paca-2.png\">retours domicile<\/a> <a href=\"\/covid19\/hosp-reg-paca-3.png\">d\u00e9c\u00e8s<\/a> Sur 30 jours&nbsp;: <a href=\"\/covid19\/hosp-reg-paca-zoom-0.png\">solde hospitalisations<\/a> <a href=\"\/covid19\/hosp-reg-paca-zoom-4.png\">nouvelles hospitalisations<\/a> <a href=\"\/covid19\/hosp-reg-paca-zoom-1.png\">solde r\u00e9animations<\/a> <a href=\"\/covid19\/hosp-reg-paca-zoom-5.png\">nouvelles r\u00e9animations<\/a> <a href=\"\/covid19\/hosp-reg-paca-zoom-2.png\">retours domicile<\/a> <a href=\"\/covid19\/hosp-reg-paca-zoom-3.png\">d\u00e9c\u00e8s<\/a><\/p>\n\n\n\n<p>PDL Pays de la Loire <a href=\"\/covid19\/hosp-reg-pdl-0.png\">solde hospitalisations<\/a> <a href=\"\/covid19\/hosp-reg-pdl-4.png\">nouvelles hospitalisations<\/a> <a href=\"\/covid19\/hosp-reg-pdl-1.png\">solde r\u00e9animations<\/a> <a href=\"\/covid19\/hosp-reg-pdl-5.png\">nouvelles r\u00e9animations<\/a> <a href=\"\/covid19\/hosp-reg-pdl-2.png\">retours domicile<\/a> <a href=\"\/covid19\/hosp-reg-pdl-3.png\">d\u00e9c\u00e8s<\/a><a href=\"\/covid19\/hosp-reg-pdl-0.png\">solde hospitalisations<\/a> Sur 30 jours&nbsp;: <a href=\"https:\/\/signal.eu.org\/covid19\/hosp-reg-pdl-zoom-0.png\">solde hospitalisations<\/a> <a href=\"\/covid19\/hosp-reg-pdl-zoom-4.png\">nouvelles hospitalisations<\/a> <a href=\"\/covid19\/hosp-reg-pdl-zoom-1.png\">solde r\u00e9animations<\/a> <a href=\"\/covid19\/hosp-reg-pdl-zoom-5.png\">nouvelles r\u00e9animations<\/a> <a href=\"\/covid19\/hosp-reg-pdl-zoom-2.png\">retours domicile<\/a> <a href=\"\/covid19\/hosp-reg-pdl-zoom-3.png\">d\u00e9c\u00e8s<\/a><\/p>\n","protected":false},"excerpt":{"rendered":"<p>Statistiques nationales sur la page principale ici. Mises \u00e0 jour publi\u00e9es chaque jour vers 19h (suivant publication des donn\u00e9es) sur mon compte twitter @pbeyssac. ARA Auvergne-Rh\u00f4ne-Alpes solde hospitalisations nouvelles hospitalisations solde r\u00e9animations nouvelles r\u00e9animations retours domicile d\u00e9c\u00e8s Sur 30 jours&nbsp;: solde hospitalisations nouvelles hospitalisations solde r\u00e9animations nouvelles r\u00e9animations retours domicile d\u00e9c\u00e8s BFC Bourgogne Franche Comt\u00e9 &hellip; <a href=\"https:\/\/signal.eu.org\/blog\/statistiques-covid19-par-departement\/\" class=\"more-link\">Continue reading <span class=\"screen-reader-text\">Statistiques covid19 par d\u00e9partement<\/span> <span class=\"meta-nav\">&rarr;<\/span><\/a><\/p>\n","protected":false},"author":1,"featured_media":0,"parent":0,"menu_order":0,"comment_status":"closed","ping_status":"closed","template":"","meta":[],"_links":{"self":[{"href":"https:\/\/signal.eu.org\/blog\/wp-json\/wp\/v2\/pages\/1754"}],"collection":[{"href":"https:\/\/signal.eu.org\/blog\/wp-json\/wp\/v2\/pages"}],"about":[{"href":"https:\/\/signal.eu.org\/blog\/wp-json\/wp\/v2\/types\/page"}],"author":[{"embeddable":true,"href":"https:\/\/signal.eu.org\/blog\/wp-json\/wp\/v2\/users\/1"}],"replies":[{"embeddable":true,"href":"https:\/\/signal.eu.org\/blog\/wp-json\/wp\/v2\/comments?post=1754"}],"version-history":[{"count":21,"href":"https:\/\/signal.eu.org\/blog\/wp-json\/wp\/v2\/pages\/1754\/revisions"}],"predecessor-version":[{"id":1939,"href":"https:\/\/signal.eu.org\/blog\/wp-json\/wp\/v2\/pages\/1754\/revisions\/1939"}],"wp:attachment":[{"href":"https:\/\/signal.eu.org\/blog\/wp-json\/wp\/v2\/media?parent=1754"}],"curies":[{"name":"wp","href":"https:\/\/api.w.org\/{rel}","templated":true}]}}