{"id":2603,"date":"2024-09-07T15:32:46","date_gmt":"2024-09-07T13:32:46","guid":{"rendered":"https:\/\/signal.eu.org\/blog\/?page_id=2603"},"modified":"2024-12-12T12:18:15","modified_gmt":"2024-12-12T10:18:15","slug":"republication-de-fichiers-opendata-sncf-disparus","status":"publish","type":"page","link":"https:\/\/signal.eu.org\/blog\/republication-de-fichiers-opendata-sncf-disparus\/","title":{"rendered":"Republication de fichiers opendata SNCF disparus"},"content":{"rendered":"\n<div class=\"twitter-share\"><a href=\"https:\/\/twitter.com\/intent\/tweet?via=pbeyssac\" class=\"twitter-share-button\">Tweet<\/a><\/div>\n\n<p>Ci-dessous se trouve une liste de fichiers autrefois disponibles sur le site opendata SNCF (<a href=\"https:\/\/data.sncf.com\">https:\/\/data.sncf.com<\/a>), repartag\u00e9s ici en licence libre <a href=\"https:\/\/opendatacommons.org\/licenses\/odbl\/summary\/\">ODBL<\/a> (la licence d&#8217;origine des fichiers).<\/p>\n\n\n\n<p>Comme ils ont disparu et que la licence le permet, en voici donc des copies ici, un peu anciennes (versions r\u00e9cup\u00e9r\u00e9es le 12 septembre 2018).<\/p>\n\n\n\n<p>La pr\u00e9sentation est moins jolie que sur le site initial (qui proposait des versions CSV ou tableur \u00e9galement, ainsi surtout qu&#8217;une carte tr\u00e8s pratique), mais faute de grives&#8230;<\/p>\n\n\n\n<p><a href=\"https:\/\/signal.eu.org\/~pb\/odbl-sncf\/courbe-des-voies.json\">courbe-des-voies.json<\/a><\/p>\n\n\n\n<p><a href=\"https:\/\/signal.eu.org\/~pb\/odbl-sncf\/liste-des-ponts-rail.json\">liste-des-ponts-rail.json<\/a><\/p>\n\n\n\n<p><a href=\"https:\/\/signal.eu.org\/~pb\/odbl-sncf\/liste-des-sous-stations.json\">liste-des-sous-stations.json<\/a><\/p>\n\n\n\n<p><a href=\"https:\/\/signal.eu.org\/~pb\/odbl-sncf\/liste-des-tunnels.json\">liste-des-tunnels.json<\/a><\/p>\n\n\n\n<p><a href=\"https:\/\/signal.eu.org\/~pb\/odbl-sncf\/detecteurs-de-boite-chaude.json\">detecteurs-de-boite-chaude.json<\/a><\/p>\n\n\n\n<p><a href=\"https:\/\/signal.eu.org\/~pb\/odbl-sncf\/liste-des-stations-radio-fixes.json\">liste-des-stations-radio-fixes.json<\/a><\/p>\n\n\n\n<p><a href=\"https:\/\/signal.eu.org\/~pb\/odbl-sncf\/signalisation-permanente.json\">signalisation-permanente.json<\/a><\/p>\n\n\n\n<p><a href=\"https:\/\/signal.eu.org\/~pb\/odbl-sncf\/liste-des-acces-meta.json\">liste-des-acces-meta.json<\/a><\/p>\n\n\n\n<p><\/p>\n\n\n\n<p>et une archive tierce bien plus compl\u00e8te (projet <a href=\"https:\/\/www.opendatarchives.fr\/\">Opendatarchives<\/a>) et plus \u00e0 jour ici : <a href=\"http:\/\/files.opendatarchives.fr\/data.sncf.com\/\">http:\/\/files.opendatarchives.fr\/data.sncf.com\/<\/a><\/p>\n","protected":false},"excerpt":{"rendered":"<p>Ci-dessous se trouve une liste de fichiers autrefois disponibles sur le site opendata SNCF (https:\/\/data.sncf.com), repartag\u00e9s ici en licence libre ODBL (la licence d&#8217;origine des fichiers). Comme ils ont disparu et que la licence le permet, en voici donc des copies ici, un peu anciennes (versions r\u00e9cup\u00e9r\u00e9es le 12 septembre 2018). La pr\u00e9sentation est moins &hellip; <a href=\"https:\/\/signal.eu.org\/blog\/republication-de-fichiers-opendata-sncf-disparus\/\" class=\"more-link\">Continue reading <span class=\"screen-reader-text\">Republication de fichiers opendata SNCF disparus<\/span> <span class=\"meta-nav\">&rarr;<\/span><\/a><\/p>\n","protected":false},"author":1,"featured_media":0,"parent":0,"menu_order":0,"comment_status":"closed","ping_status":"closed","template":"","meta":[],"_links":{"self":[{"href":"https:\/\/signal.eu.org\/blog\/wp-json\/wp\/v2\/pages\/2603"}],"collection":[{"href":"https:\/\/signal.eu.org\/blog\/wp-json\/wp\/v2\/pages"}],"about":[{"href":"https:\/\/signal.eu.org\/blog\/wp-json\/wp\/v2\/types\/page"}],"author":[{"embeddable":true,"href":"https:\/\/signal.eu.org\/blog\/wp-json\/wp\/v2\/users\/1"}],"replies":[{"embeddable":true,"href":"https:\/\/signal.eu.org\/blog\/wp-json\/wp\/v2\/comments?post=2603"}],"version-history":[{"count":7,"href":"https:\/\/signal.eu.org\/blog\/wp-json\/wp\/v2\/pages\/2603\/revisions"}],"predecessor-version":[{"id":2618,"href":"https:\/\/signal.eu.org\/blog\/wp-json\/wp\/v2\/pages\/2603\/revisions\/2618"}],"wp:attachment":[{"href":"https:\/\/signal.eu.org\/blog\/wp-json\/wp\/v2\/media?parent=2603"}],"curies":[{"name":"wp","href":"https:\/\/api.w.org\/{rel}","templated":true}]}}